{"id":97,"date":"2009-10-11T08:55:39","date_gmt":"2009-10-11T10:55:39","guid":{"rendered":"http:\/\/primariacorbi.peblog.net\/?page_id=97"},"modified":"2014-03-30T16:35:54","modified_gmt":"2014-03-30T13:35:54","slug":"informatii-numere-de-telefon-corbi-arges","status":"publish","type":"page","link":"https:\/\/www.primariacorbi.com\/?page_id=97","title":{"rendered":"INFORMATII NUMERE  DE TELEFOANE CORBI ARGES"},"content":{"rendered":"<p><img decoding=\"async\" class=\"alignleft\" alt=\"imagini [2]\" src=\"http:\/\/www.primariacorbi.com\/wp-content\/uploads\/2009\/10\/images2.jpg\" \/><\/p>\n<p><strong><span><span>PRIMARIA CORBI<\/span><\/span><\/strong><\/p>\n<p><strong><span><span>TELEFON \/ FAX<\/span><\/span><\/strong><\/p>\n<p><strong><span><span>0248580005<\/span><\/span><\/strong><\/p>\n<p><strong><span><span>E-MAIL: <\/span><\/span><a href=\"mailto:primariacorbi@yahoo.com\"><span><span>primariacorbi@yahoo.com<\/span><\/span><\/a><\/strong><\/p>\n<p style=\"text-align: center;\"><strong> <a href=\"http:\/\/www.primariacorbi.ro\/\"><span><span>www.primariacorbi.ro<\/span><\/span><\/a><\/strong><br \/>\n<strong> <\/strong><br \/>\n<strong> <\/strong><\/p>\n<p><strong><span><span>POST POLITIE CORBI<\/span><\/span><\/strong><\/p>\n<p><strong><span><span>TELEFON<\/span><\/span><\/strong><\/p>\n<p><strong><span><span>0248580344<\/span><\/span><\/strong><\/p>\n<p><strong><span><span>\u00a0<\/span><\/span><\/strong><\/p>\n<p>&nbsp;<\/p>\n<p><strong><span><span>SCOALA CORBI<\/span><\/span><\/strong><\/p>\n<p><strong><span><span>TELEFON<\/span><\/span><\/strong><\/p>\n<p><strong><span><span>024858010<\/span><\/span><\/strong><\/p>\n<p>&nbsp;<\/p>\n<p><strong><span><span>SVSU CORBI<\/span><\/span><\/strong><\/p>\n<p><strong><span><span>TELEFON<\/span><\/span><\/strong><\/p>\n<p><strong><span><span>0764406694<\/span><\/span><\/strong><\/p>\n<p>&nbsp;<\/p>\n<p><strong><span><span>ONG-uri DIN CORBI:<\/span><\/span><\/strong><\/p>\n<p>&nbsp;<\/p>\n<p><strong><span><span>ASOCIATIA HORTICOLA CORBI 2009<\/span><\/span><\/strong><\/p>\n<p><strong><span><span>TELEFON<\/span><\/span><\/strong><\/p>\n<p><strong><span><span>0764406699<\/span><\/span><\/strong><\/p>\n<p>&nbsp;<\/p>\n<p><strong><span><span>ASOCIATIA CRESCATORILOR DE OVINE Corbii de Piatra<\/span><\/span><\/strong><\/p>\n<p><strong><span><span>TELEFON<\/span><\/span><\/strong><\/p>\n<p><strong><span><span>0746129768<\/span><\/span><\/strong><\/p>\n<p>&nbsp;<\/p>\n<p><strong><span><span>Un <\/span><\/span><\/strong><strong><span><span>SOCIATIA CRESCATORILOR DE OVINE SI<\/span><\/span><\/strong><\/p>\n<p><strong><span><span> UTILIZATORILOR DE PAJISTI SI PASUNI NATURALE <\/span><\/span><\/strong><\/p>\n<p><strong><span><span> FLOARE DE COLT<\/span><\/span><\/strong><\/p>\n<p><strong><span><span>TELEFON<\/span><\/span><\/strong><\/p>\n<p><strong><span><span>0745262470<\/span><\/span><\/strong><\/p>\n<p><strong> <\/strong><br \/>\n<strong> <\/strong><\/p>\n<p><strong><span><span>AS SPORTING STANESTI CORBI<\/span><\/span><\/strong><\/p>\n<p><strong><span><span>TELEFON<\/span><\/span><\/strong><\/p>\n<p><strong><span><span>0746333696<\/span><\/span><\/strong><\/p>\n<p><strong> <\/strong><br \/>\n<strong><!-- BEGIN carte-telefoane.info code --><br \/>\n<script type=\"text\/javascript\" src=\"http:\/\/www.carte-telefoane.info\/ct.js\"><\/script><br \/>\n<!-- END carte-telefoane.info code --><br \/>\n<\/strong><br \/>\n<strong> <\/strong><\/p>\n<p><span><span>Numere DE TELEFOANE UTILE<\/span><\/span><\/p>\n<p>&nbsp;<\/p>\n<p><span><span>Institutii PUBLICE Nationale <\/span><span>PRE\u0218EDIN\u021aIA ROM\u00c2NIEI &#8211; 021\/4100581 <\/span><span>GUVERNUL ROMANIEI &#8211; 021\/3143400, 021\/2303660 <\/span><span>Ministerul Administra\u021biei \u0219i Internelor &#8211; 021\/3141050 <\/span><span>MINISTERUL AFACERILOR ExternE &#8211; 021\/3192108, 319.21.25 \/ int. <\/span><span>1352 \/ <\/span><span>MINISTERUL AGRICULTURII, PADURILOR, APELOR SI MEDIULUI &#8211; 021\/3072451 <\/span><span>Ministerul Apararii Nationale &#8211; 021\/4104040, 021\/2300400, int. <\/span><span>1031.457\/458 <\/span><span>Ministerul Apararii Nationale, CENTRUL MILITAR ZONAL &#8211; 021\/4835351 <\/span><span>MINISTERUL COMUNICA\u021aIILOR SI TEHNOLOGIEI informatiei &#8211; 021\/3114121 <\/span><span>MINISTERUL CULTURII SI CULTELOR &#8211; 021\/2244055 <\/span><span>Ministerul Economiei &#8211; 021\/2025399, 021\/2025152 <\/span><span>MINISTERUL EDUCA\u021aIEI, CERCET\u0102RII SI INOV\u0102RII &#8211; 021 \/ 3155099 <\/span><span>Ministerul Finan\u021belor Publice &#8211; 021\/3199744 <\/span><span>Inspectoratul GENERAL AL Politiei Romane &#8211; 021\/3166655 <\/span><span>MINISTERUL Justitiei &#8211; 021\/3124023, 0372041046 <\/span><span>MINISTERUL Justitiei, Directia Generala A PENITENCIARELOR &#8211; 021\/2420593 <\/span><span>MINISTERUL Sanatatii &#8211; 021\/3072524 <\/span><span>MINISTERUL MUNCII, PROTEC\u021aIEI SOCIALE SI Familiei &#8211; 021\/3158812, 021\/3136267, int. <\/span><span>729, 701 <\/span><span>Ministerul Transporturilor &#8211; 021\/3196124 <\/span><span>MINISTERUL Turismului &#8211; 021\/2070765<\/span><\/span><br \/>\n<strong> <\/strong><\/p>\n<p><span><span>Institutii PUBLICE JUDE\u021aENE <\/span><span>INSTITU\u021aIA PREFECTULUI &#8211; 0248\/217800, 0248\/216483 <\/span><span>CONSILIUL JUDETEAN ARGE\u0218 &#8211; 0248\/217800 <\/span><span>Inspectoratul Scolar Judetean &#8211; 0248\/218366, 0248\/218319 <\/span><span>Directia Judeteana PENTRU Cultura, Culte si PATRIMONIU CULTURAL NA\u021aIONAL &#8211; 0248\/217800\/int.181, 0248\/220833 <\/span><span>Directia DE MUNCA, Solidaritate Sociala si FAMILIE &#8211; 0248\/222245, 0248\/222213 <\/span><span>AGEN\u021aIA Judeteana PENTRU OCUPAREA FOR\u021aEI DE MUNCA &#8211; 0248\/222415 <\/span><span>DIRECTIA PENTRU AGRICULTUR\u0102 SI DEZVOLTARE Rurala &#8211; 0248\/219168 <\/span><span>Directia Silvica ARGE\u0218 &#8211; 0248\/214099 <\/span><span>OFICIUL DE CADASTRU SI PUBLICITATE IMOBILIARA ARGE\u0218 &#8211; 0248\/218850 <\/span><span>Administratia Nationala a \u00ceMBUN\u0102T\u0102\u021aIRILOR FUNCIARE &#8211; 0248\/254124, 0248\/251313 <\/span><span>Inspectoratul Teritorial PENTRU CALITATEA SEMIN\u021aELOR Si MATERIALULUI saditor &#8211; 0248\/218097 <\/span><span>DIRECTIA SANITARA VETERINARA SI PENTRU Siguranta ALIMENTELOR &#8211; 0248\/211199; 0248\/216634; 0248 \/ 212532 <\/span><span>Directia DE sanatate publica &#8211; 0248\/220425; 0248\/216484 <\/span><span>OFICIUL JUDETEAN PENTRU PROTECTIA CONSUMATORILOR &#8211; 0248\/222960, 0248\/218522 <\/span><span>Directia Generala A Finan\u021belor Publice &#8211; 0248\/210400; 0248\/216478 <\/span><span>BIROUL VAMAL PITE\u0218TI &#8211; 0248\/615300; 0248 \/ 615299. <\/span><span>GARDA FINANCIAR\u0102 &#8211; 0248\/222150; 0248\/222955 <\/span><span>AGEN\u021aIA NA\u021aIONAL\u0102 DE PROTECTIA MEDIULUI &#8211; 0248\/213099; 0248\/213200 <\/span><span>GARDA NA\u021aIONAL\u0102 DE MEDIU &#8211; 0248\/212860; 0248\/213049 <\/span><span>Administratia NA\u021aIONAL\u0102 Apele Romane &#8211; 0248\/218250; 0248\/220878 <\/span><span>Directia Judeteana DE STATISTICA &#8211; 0248\/217800; 0248\/217211 <\/span><span>Directia Judeteana PENTRU SPORT &#8211; 0248\/213443; 0248\/215155 <\/span><span>Inspectoratul Judetean in CONSTRUC\u021aII &#8211; 0248\/220450; 0248\/220846 <\/span><span>Inspectoratul Judetean de Politie &#8211; 0248\/223556; 0248\/213399 <\/span><span>Inspectoratul Judetean de JANDARMI &#8211; 0248\/211505; 0248\/633561 <\/span><span>BIROUL INFORMARE RECRUTARE ARGE\u0218 &#8211; 0248\/215284 <\/span><span>CASA Judeteana de Pensii &#8211; 0248\/222394; 0248\/218560 <\/span><span>CASA DE ASIGUR\u0102RI DE S\u0102N\u0102TATE &#8211; 0248\/285928; 0248\/284674<\/span><\/span><br \/>\n<strong> <\/strong><\/p>\n<p><span><span>Numere DE TELEFON PRIMARII <\/span><span>PRIM\u0102RIA Albestii de Arges &#8211; 0248\/735005 <\/span><span>PRIM\u0102RIA ANINOASA &#8211; 0248\/577050 <\/span><span>PRIM\u0102RIA Arefu &#8211; 0248\/730210 <\/span><span>PRIM\u0102RIA Baiculesti &#8211; 0248\/760204 <\/span><span>PRIM\u0102RIA Balilesti &#8211; 0248\/562080 <\/span><span>PRIM\u0102RIA Berevoesti &#8211; 0248\/572040 <\/span><span>PRIM\u0102RIA Bradulet &#8211; 0248\/267732 <\/span><span>PRIM\u0102RIA Cepari &#8211; 0248\/545043 <\/span><span>PRIM\u0102RIA CIC\u0102NE\u0218TI &#8211; 0248\/735058 <\/span><span>PRIM\u0102RIA Ciofr\u00e2ngeni &#8211; 0248\/747155 <\/span><span>PRIM\u0102RIA CORBENI &#8211; 0248\/730236 <\/span><span>PRIM\u0102RIA CORBI &#8211; 0248\/580005 <\/span><span>PRIM\u0102RIA Cosesti &#8211; 0248\/230099 <\/span><span>PRIM\u0102RIA CURTEA DE ARGE\u0218 &#8211; 0248\/721033 <\/span><span>PRIM\u0102RIA Domnesti &#8211; 0248\/269980 <\/span><span>PRIM\u0102RIA M\u0102LURENI &#8211; 0248\/765049 <\/span><span>PRIM\u0102RIA Musatesti &#8211; 0248\/268622 <\/span><span>PRIM\u0102RIA Nuc\u0219oara &#8211; 0248\/582013 <\/span><span>PRIM\u0102RIA PIETRO\u0218ANI &#8211; 0248\/267266 <\/span><span>PRIM\u0102RIA Salatrucu &#8211; 0248\/545013 <\/span><span>PRIM\u0102RIA Suici &#8211; 0248\/545155 <\/span><span>PRIM\u0102RIA Tigveni &#8211; 0248\/742010 <\/span><span>PRIM\u0102RIA VALEA Danului &#8211; 0248\/724458 <\/span><span>PRIM\u0102RIA VALEA Iasului &#8211; 0248\/724411 <\/span><span>PRIM\u0102RIA Campulung Muscel &#8211; 0248\/11034, 0248\/511037, 0248\/511039 <\/span><span>PRIM\u0102RIA PITE\u0218TI &#8211; 0248\/220088 <\/span><span>Numere de telefon Politie <\/span><span>Politia Albestii de Arges &#8211; 0248\/735013 <\/span><span>Politia ANINOASA &#8211; 0248\/577020 <\/span><span>Politia Arefu &#8211; 0248\/730322 <\/span><span>Politia Baiculesti &#8211; 0248\/760215 <\/span><span>Politia Balilesti &#8211; 0248\/562050 <\/span><span>Politia Berevoesti &#8211; 0248\/572010 <\/span><span>Politia Bradulet &#8211; 0248\/267890 <\/span><span>Politia Campulung Muscel <\/span><span>&#8211; 0248\/512100 <\/span><span>Politia Cepari &#8211; 0248\/545002 <\/span><span>Politia CIC\u0102NE\u0218TI &#8211; 0248\/735025 <\/span><span>Politia Ciofr\u00e2ngeni &#8211; 0248\/747170 <\/span><span>Politia COMUNITAR\u0102 A Municipiului Pitesti &#8211; 0248\/222248 <\/span><span>Politia CORBENI &#8211; 0248\/730234 <\/span><span>Politia CORBI &#8211; 0248\/580344 <\/span><span>Politia Cosesti &#8211; 0248\/230005 <\/span><span>Politia CURTEA DE ARGE\u0218 &#8211; 0248\/721519, 0248\/721851 <\/span><span>Politia Domnesti &#8211; 0248\/269523 <\/span><span>Politia M\u0102LURENI &#8211; 0248\/765099 <\/span><span>Politia Musatesti &#8211; 0248\/268670 <\/span><span>Politia Nuc\u0219oara &#8211; 0248\/582191 <\/span><span>Politia PIETRO\u0218ANI &#8211; 0248\/267090 <\/span><span>Politia PITE\u0218TI &#8211; 0248\/216099 <\/span><span>Politia Rutiera PITE\u0218TI &#8211; 0248\/223033 <\/span><span>Politia Salatrucu &#8211; 0248\/545018 <\/span><span>Politia Suici &#8211; 0248\/545016 <\/span><span>Politia Tigveni &#8211; 0248\/742055 <\/span><span>Politia VALEA Danului &#8211; 0248\/721382 <\/span><span>Politia VALEA Iasului &#8211; 0248\/724450<\/span><\/span><br \/>\n<strong> <\/strong><\/p>\n","protected":false},"excerpt":{"rendered":"<p>PRIMARIA CORBI<br \/>\nTELEFON \/ FAX<br \/>\n0248580005<br \/>\nE-MAIL: primariacorbi@yahoo.com<br \/>\n www.primariacorbi.ro<\/p>\n<p>POST POLITIE CORBI<br \/>\nTELEFON<br \/>\n0248580344<br \/>\n\u00a0<br \/>\n&nbsp;<br \/>\nSCOALA CORBI<br \/>\nTELEFON<br \/>\n024858010<br \/>\n&nbsp;<br \/>\nSVSU CORBI<br \/>\nTELEFON<br \/>\n0764406694<br \/>\n&nbsp;<br \/>\nONG-uri DIN CORBI:<br \/>\n&nbsp;<br \/>\nASOCIATIA HORTICOLA CORBI 2009<br \/>\nTELEFON<br \/>\n0764406699<br \/>\n&nbsp;<br \/>\nASOCIATIA CRESCATORILOR DE OVINE Corbii de Piatra<br \/>\nTELEFON<br \/>\n0746129768<br \/>\n&nbsp;<br \/>\nUn SOCIATIA CRESCATORILOR DE OVINE SI<br \/>\n UTILIZATORILOR DE PAJISTI SI PASUNI NATURALE<br \/>\n FLOARE DE COLT<br \/>\nTELEFON<br \/>\n0745262470<\/p>\n<p>AS SPORTING STANESTI CORBI<br \/>\nTELEFON<br \/>\n0746333696<\/p>\n<p>Numere DE TELEFOANE UTILE<br \/>\n&nbsp;<br \/>\nInstitutii PUBLICE Nationale PRE\u0218EDIN\u021aIA ROM\u00c2NIEI &#8211; 021\/4100581 GUVERNUL [&#8230;]<\/p>\n","protected":false},"author":1,"featured_media":0,"parent":0,"menu_order":0,"comment_status":"closed","ping_status":"open","template":"","meta":{"_monsterinsights_skip_tracking":false,"_monsterinsights_sitenote_active":false,"_monsterinsights_sitenote_note":"","_monsterinsights_sitenote_category":0,"footnotes":""},"class_list":["post-97","page","type-page","status-publish","hentry"],"aioseo_notices":[],"_links":{"self":[{"href":"https:\/\/www.primariacorbi.com\/index.php?rest_route=\/wp\/v2\/pages\/97","targetHints":{"allow":["GET"]}}],"collection":[{"href":"https:\/\/www.primariacorbi.com\/index.php?rest_route=\/wp\/v2\/pages"}],"about":[{"href":"https:\/\/www.primariacorbi.com\/index.php?rest_route=\/wp\/v2\/types\/page"}],"author":[{"embeddable":true,"href":"https:\/\/www.primariacorbi.com\/index.php?rest_route=\/wp\/v2\/users\/1"}],"replies":[{"embeddable":true,"href":"https:\/\/www.primariacorbi.com\/index.php?rest_route=%2Fwp%2Fv2%2Fcomments&post=97"}],"version-history":[{"count":19,"href":"https:\/\/www.primariacorbi.com\/index.php?rest_route=\/wp\/v2\/pages\/97\/revisions"}],"predecessor-version":[{"id":5663,"href":"https:\/\/www.primariacorbi.com\/index.php?rest_route=\/wp\/v2\/pages\/97\/revisions\/5663"}],"wp:attachment":[{"href":"https:\/\/www.primariacorbi.com\/index.php?rest_route=%2Fwp%2Fv2%2Fmedia&parent=97"}],"curies":[{"name":"wp","href":"https:\/\/api.w.org\/{rel}","templated":true}]}}